{"id":31554,"date":"2023-10-13T16:12:18","date_gmt":"2023-10-13T14:12:18","guid":{"rendered":"https:\/\/megamusicmont.me\/?post_type=product&#038;p=31554"},"modified":"2026-03-25T01:04:32","modified_gmt":"2026-03-25T00:04:32","slug":"ernie-ball-2226-burly-slinky","status":"publish","type":"product","link":"https:\/\/megamusicmont.me\/sr\/ernie-ball-2226-burly-slinky\/","title":{"rendered":"Ernie Ball 2226 Burly Slinky"},"content":{"rendered":"<p>\u017dice za elektri\u010dnu gitaru Ernie Ball Nickel Wound su napravljene od niklovane \u010deli\u010dne \u017eice omotane oko pokalajisane \u010deli\u010dne \u017eice u obliku \u0161estougaonog jezgra. Obi\u010dne \u017eice su napravljene od specijalno kaljenog kalajisanog \u010delika visokog ugljenika koji proizvodi dobro izbalansiran ton za va\u0161u gitaru.<\/p>\n<p>Merila\u00a0 .011, .014, .018p, .030, .042, .052<\/p>","protected":false},"excerpt":{"rendered":"<p>Zice za elektricnu gitaru 11-52 , Burly Slinky<\/p>","protected":false},"featured_media":31460,"template":"","meta":{"_acf_changed":false},"pwb-brand":[],"product_brand":[],"product_cat":[346],"product_tag":[349],"class_list":{"0":"post-31554","1":"product","2":"type-product","3":"status-publish","4":"has-post-thumbnail","6":"product_cat-zice-za-gitare","7":"product_tag-zice-za-gitare","9":"first","10":"instock","11":"shipping-taxable","12":"product-type-simple"},"acf":[],"brands":[],"_links":{"self":[{"href":"https:\/\/megamusicmont.me\/sr\/wp-json\/wp\/v2\/product\/31554","targetHints":{"allow":["GET"]}}],"collection":[{"href":"https:\/\/megamusicmont.me\/sr\/wp-json\/wp\/v2\/product"}],"about":[{"href":"https:\/\/megamusicmont.me\/sr\/wp-json\/wp\/v2\/types\/product"}],"version-history":[{"count":1,"href":"https:\/\/megamusicmont.me\/sr\/wp-json\/wp\/v2\/product\/31554\/revisions"}],"predecessor-version":[{"id":55564,"href":"https:\/\/megamusicmont.me\/sr\/wp-json\/wp\/v2\/product\/31554\/revisions\/55564"}],"wp:featuredmedia":[{"embeddable":true,"href":"https:\/\/megamusicmont.me\/sr\/wp-json\/wp\/v2\/media\/31460"}],"wp:attachment":[{"href":"https:\/\/megamusicmont.me\/sr\/wp-json\/wp\/v2\/media?parent=31554"}],"wp:term":[{"taxonomy":"pwb-brand","embeddable":true,"href":"https:\/\/megamusicmont.me\/sr\/wp-json\/wp\/v2\/pwb-brand?post=31554"},{"taxonomy":"product_brand","embeddable":true,"href":"https:\/\/megamusicmont.me\/sr\/wp-json\/wp\/v2\/product_brand?post=31554"},{"taxonomy":"product_cat","embeddable":true,"href":"https:\/\/megamusicmont.me\/sr\/wp-json\/wp\/v2\/product_cat?post=31554"},{"taxonomy":"product_tag","embeddable":true,"href":"https:\/\/megamusicmont.me\/sr\/wp-json\/wp\/v2\/product_tag?post=31554"}],"curies":[{"name":"wp","href":"https:\/\/api.w.org\/{rel}","templated":true}]}}